{"id":1460,"date":"2020-10-29T05:03:59","date_gmt":"2020-10-29T05:03:59","guid":{"rendered":"https:\/\/www.caacfmi.unam.mx\/?page_id=1460"},"modified":"2026-04-10T05:15:48","modified_gmt":"2026-04-10T05:15:48","slug":"especiales","status":"publish","type":"page","link":"\/?page_id=1460","title":{"rendered":"ESPECIALES"},"content":{"rendered":"\t\t<div data-elementor-type=\"wp-page\" data-elementor-id=\"1460\" class=\"elementor elementor-1460\" data-elementor-settings=\"[]\">\n\t\t\t\t\t\t<div class=\"elementor-inner\">\n\t\t\t\t\t\t\t<div class=\"elementor-section-wrap\">\n\t\t\t\t\t\t\t<section class=\"elementor-section elementor-top-section elementor-element elementor-element-0a33621 elementor-section-boxed elementor-section-height-default elementor-section-height-default\" data-id=\"0a33621\" data-element_type=\"section\">\n\t\t\t\t\t\t<div class=\"elementor-container elementor-column-gap-default\">\n\t\t\t\t\t\t\t<div class=\"elementor-row\">\n\t\t\t\t\t<div class=\"elementor-column elementor-col-100 elementor-top-column elementor-element elementor-element-ed29437\" data-id=\"ed29437\" data-element_type=\"column\">\n\t\t\t<div class=\"elementor-column-wrap elementor-element-populated\">\n\t\t\t\t\t\t\t<div class=\"elementor-widget-wrap\">\n\t\t\t\t\t\t\t\t<\/div>\n\t\t\t\t\t<\/div>\n\t\t<\/div>\n\t\t\t\t\t\t\t\t<\/div>\n\t\t\t\t\t<\/div>\n\t\t<\/section>\n\t\t\t\t<section class=\"elementor-section elementor-top-section elementor-element elementor-element-325427c elementor-section-content-middle elementor-section-boxed elementor-section-height-default elementor-section-height-default\" data-id=\"325427c\" data-element_type=\"section\">\n\t\t\t\t\t\t<div class=\"elementor-container elementor-column-gap-default\">\n\t\t\t\t\t\t\t<div class=\"elementor-row\">\n\t\t\t\t\t<div class=\"elementor-column elementor-col-50 elementor-top-column elementor-element elementor-element-ef5b37f elementor-invisible\" data-id=\"ef5b37f\" data-element_type=\"column\" data-settings=\"{&quot;animation&quot;:&quot;fadeInLeft&quot;}\">\n\t\t\t<div class=\"elementor-column-wrap elementor-element-populated\">\n\t\t\t\t\t\t\t<div class=\"elementor-widget-wrap\">\n\t\t\t\t\t\t<div class=\"elementor-element elementor-element-12d0459 elementor-widget elementor-widget-heading\" data-id=\"12d0459\" data-element_type=\"widget\" data-widget_type=\"heading.default\">\n\t\t\t\t<div class=\"elementor-widget-container\">\n\t\t\t<h1 class=\"elementor-heading-title elementor-size-default\">COMISIONES ESPECIALES DEL CAACFMI<\/h1>\t\t<\/div>\n\t\t\t\t<\/div>\n\t\t\t\t<div class=\"elementor-element elementor-element-278fcbb elementor-widget elementor-widget-text-editor\" data-id=\"278fcbb\" data-element_type=\"widget\" data-widget_type=\"text-editor.default\">\n\t\t\t\t<div class=\"elementor-widget-container\">\n\t\t\t\t\t\t\t\t<div class=\"elementor-text-editor elementor-clearfix\">\n\t\t\t\t<p>Las comisiones especiales son las que el propio Consejo designa para estudiar y dictaminar otros asuntos de su competencia, y tienen la duraci\u00f3n y las funciones que el Pleno determina. Algunas de \u00e9stas pueden incluir expertos designados por el propio Consejo, quienes tienen car\u00e1cter de asesores invitados. Son comisiones especiales del CAACFMI las siguientes:<\/p><p>Comisi\u00f3n Especial del \u00c1rea para el PRIDE.<\/p><p>Comisi\u00f3n Especial de Vigilancia de la Elecci\u00f3n de Consejeros Acad\u00e9micos de \u00c1rea.<\/p><p>Programa de est\u00edmulos al desempe\u00f1o de personal acad\u00e9mico de carrera de medio tiempo para el fortalecimiento de la docencia<\/p>\t\t\t\t\t<\/div>\n\t\t\t\t\t\t<\/div>\n\t\t\t\t<\/div>\n\t\t\t\t\t\t<\/div>\n\t\t\t\t\t<\/div>\n\t\t<\/div>\n\t\t\t\t<div class=\"elementor-column elementor-col-50 elementor-top-column elementor-element elementor-element-7bfd729 elementor-invisible\" data-id=\"7bfd729\" data-element_type=\"column\" data-settings=\"{&quot;background_background&quot;:&quot;slideshow&quot;,&quot;background_slideshow_gallery&quot;:[{&quot;id&quot;:2542,&quot;url&quot;:&quot;\\\/wp-content\\\/uploads\\\/2021\\\/01\\\/FA-2_Laboratorio-de-Arquitectura-Diseno-y-Tecnologia-Experimental-LATE.jpeg&quot;},{&quot;id&quot;:4846,&quot;url&quot;:&quot;\\\/wp-content\\\/uploads\\\/2021\\\/04\\\/FES-C_1_1.png&quot;},{&quot;id&quot;:5142,&quot;url&quot;:&quot;\\\/wp-content\\\/uploads\\\/2021\\\/04\\\/ENES-Merida_5.jpg&quot;}],&quot;animation&quot;:&quot;fadeInRight&quot;,&quot;background_slideshow_slide_transition&quot;:&quot;slide_up&quot;,&quot;background_slideshow_ken_burns&quot;:&quot;yes&quot;,&quot;background_slideshow_loop&quot;:&quot;yes&quot;,&quot;background_slideshow_slide_duration&quot;:5000,&quot;background_slideshow_transition_duration&quot;:500,&quot;background_slideshow_ken_burns_zoom_direction&quot;:&quot;in&quot;}\">\n\t\t\t<div class=\"elementor-column-wrap\">\n\t\t\t\t\t\t\t<div class=\"elementor-widget-wrap\">\n\t\t\t\t\t\t\t\t<\/div>\n\t\t\t\t\t<\/div>\n\t\t<\/div>\n\t\t\t\t\t\t\t\t<\/div>\n\t\t\t\t\t<\/div>\n\t\t<\/section>\n\t\t\t\t<section class=\"elementor-section elementor-top-section elementor-element elementor-element-1cfe2ab elementor-section-stretched elementor-section-content-middle elementor-section-boxed elementor-section-height-default elementor-section-height-default\" data-id=\"1cfe2ab\" data-element_type=\"section\" data-settings=\"{&quot;stretch_section&quot;:&quot;section-stretched&quot;}\">\n\t\t\t\t\t\t<div class=\"elementor-container elementor-column-gap-default\">\n\t\t\t\t\t\t\t<div class=\"elementor-row\">\n\t\t\t\t\t<div class=\"elementor-column elementor-col-50 elementor-top-column elementor-element elementor-element-597dfa9 elementor-invisible\" data-id=\"597dfa9\" data-element_type=\"column\" data-settings=\"{&quot;animation&quot;:&quot;fadeInUp&quot;}\">\n\t\t\t<div class=\"elementor-column-wrap elementor-element-populated\">\n\t\t\t\t\t\t\t<div class=\"elementor-widget-wrap\">\n\t\t\t\t\t\t<div class=\"elementor-element elementor-element-11920aa elementor-widget elementor-widget-image\" data-id=\"11920aa\" data-element_type=\"widget\" data-widget_type=\"image.default\">\n\t\t\t\t<div class=\"elementor-widget-container\">\n\t\t\t\t\t\t\t\t<div class=\"elementor-image\">\n\t\t\t\t\t\t\t\t\t\t\t\t<img width=\"812\" height=\"665\" src=\"\/wp-content\/uploads\/2020\/11\/Geologia5.jpg\" class=\"elementor-animation-shrink attachment-large size-large\" alt=\"\" loading=\"lazy\" srcset=\"\/wp-content\/uploads\/2020\/11\/Geologia5.jpg 864w, \/wp-content\/uploads\/2020\/11\/Geologia5-300x246.jpg 300w, \/wp-content\/uploads\/2020\/11\/Geologia5-768x629.jpg 768w\" sizes=\"(max-width: 812px) 100vw, 812px\" \/>\t\t\t\t\t\t\t\t\t\t\t\t\t\t<\/div>\n\t\t\t\t\t\t<\/div>\n\t\t\t\t<\/div>\n\t\t\t\t\t\t<\/div>\n\t\t\t\t\t<\/div>\n\t\t<\/div>\n\t\t\t\t<div class=\"elementor-column elementor-col-50 elementor-top-column elementor-element elementor-element-8dc3af8 elementor-invisible\" data-id=\"8dc3af8\" data-element_type=\"column\" data-settings=\"{&quot;animation&quot;:&quot;fadeInLeft&quot;}\">\n\t\t\t<div class=\"elementor-column-wrap elementor-element-populated\">\n\t\t\t\t\t\t\t<div class=\"elementor-widget-wrap\">\n\t\t\t\t\t\t<div class=\"elementor-element elementor-element-1364ee6 elementor-widget elementor-widget-heading\" data-id=\"1364ee6\" data-element_type=\"widget\" data-widget_type=\"heading.default\">\n\t\t\t\t<div class=\"elementor-widget-container\">\n\t\t\t<h1 class=\"elementor-heading-title elementor-size-default\">COMISI\u00d3N ESPECIAL DEL \u00c1REA PARA EL PRIDE:<\/h1>\t\t<\/div>\n\t\t\t\t<\/div>\n\t\t\t\t<div class=\"elementor-element elementor-element-b9db286 elementor-widget elementor-widget-text-editor\" data-id=\"b9db286\" data-element_type=\"widget\" data-widget_type=\"text-editor.default\">\n\t\t\t\t<div class=\"elementor-widget-container\">\n\t\t\t\t\t\t\t\t<div class=\"elementor-text-editor elementor-clearfix\">\n\t\t\t\t<p>Esta comisi\u00f3n est\u00e1 a cargo de la evaluaci\u00f3n de los acad\u00e9micos del \u00c1rea propuestos para que les sea otorgado el nivel D en los Programas de Primas al Desempe\u00f1o del Personal Acad\u00e9mico de Tiempo Completo (PRIDE) y de Apoyo a la Incorporaci\u00f3n de Personal Acad\u00e9mico de Tiempo Completo (PAIPA). Tambi\u00e9n eval\u00faa a los directores de las entidades acad\u00e9micas del \u00c1rea que solicitan su incorporaci\u00f3n o renovaci\u00f3n en el PRIDE. La Comisi\u00f3n Permanente de Personal Acad\u00e9mico del CAACFMI analiza los dict\u00e1menes de la Comisi\u00f3n Especial y ratifica los resultados si lo considera conveniente.<\/p><p>\u00a0<\/p>\t\t\t\t\t<\/div>\n\t\t\t\t\t\t<\/div>\n\t\t\t\t<\/div>\n\t\t\t\t<div class=\"elementor-element elementor-element-7573b79 elementor-absolute elementor-widget elementor-widget-image\" data-id=\"7573b79\" data-element_type=\"widget\" data-settings=\"{&quot;motion_fx_translateY_effect&quot;:&quot;yes&quot;,&quot;motion_fx_translateY_speed&quot;:{&quot;unit&quot;:&quot;px&quot;,&quot;size&quot;:2,&quot;sizes&quot;:[]},&quot;_position&quot;:&quot;absolute&quot;,&quot;motion_fx_motion_fx_scrolling&quot;:&quot;yes&quot;,&quot;motion_fx_devices&quot;:[&quot;desktop&quot;],&quot;motion_fx_translateY_affectedRange&quot;:{&quot;unit&quot;:&quot;%&quot;,&quot;size&quot;:&quot;&quot;,&quot;sizes&quot;:{&quot;start&quot;:0,&quot;end&quot;:100}}}\" data-widget_type=\"image.default\">\n\t\t\t\t<div class=\"elementor-widget-container\">\n\t\t\t\t\t\t\t\t<div class=\"elementor-image\">\n\t\t\t\t\t\t\t\t\t\t\t\t<img width=\"812\" height=\"481\" src=\"\/wp-content\/uploads\/2020\/10\/honeycomb-34984-1024x606.png\" class=\"attachment-large size-large\" alt=\"\" loading=\"lazy\" srcset=\"\/wp-content\/uploads\/2020\/10\/honeycomb-34984-1024x606.png 1024w, \/wp-content\/uploads\/2020\/10\/honeycomb-34984-300x178.png 300w, \/wp-content\/uploads\/2020\/10\/honeycomb-34984-768x455.png 768w, \/wp-content\/uploads\/2020\/10\/honeycomb-34984-1536x910.png 1536w, \/wp-content\/uploads\/2020\/10\/honeycomb-34984-600x355.png 600w, \/wp-content\/uploads\/2020\/10\/honeycomb-34984.png 1920w\" sizes=\"(max-width: 812px) 100vw, 812px\" \/>\t\t\t\t\t\t\t\t\t\t\t\t\t\t<\/div>\n\t\t\t\t\t\t<\/div>\n\t\t\t\t<\/div>\n\t\t\t\t\t\t<\/div>\n\t\t\t\t\t<\/div>\n\t\t<\/div>\n\t\t\t\t\t\t\t\t<\/div>\n\t\t\t\t\t<\/div>\n\t\t<\/section>\n\t\t\t\t<section class=\"elementor-section elementor-top-section elementor-element elementor-element-5520c2b elementor-section-boxed elementor-section-height-default elementor-section-height-default elementor-invisible\" data-id=\"5520c2b\" data-element_type=\"section\" data-settings=\"{&quot;animation&quot;:&quot;fadeInUp&quot;}\">\n\t\t\t\t\t\t<div class=\"elementor-container elementor-column-gap-default\">\n\t\t\t\t\t\t\t<div class=\"elementor-row\">\n\t\t\t\t\t<div class=\"elementor-column elementor-col-100 elementor-top-column elementor-element elementor-element-e80afd8\" data-id=\"e80afd8\" data-element_type=\"column\">\n\t\t\t<div class=\"elementor-column-wrap elementor-element-populated\">\n\t\t\t\t\t\t\t<div class=\"elementor-widget-wrap\">\n\t\t\t\t\t\t<section class=\"elementor-section elementor-inner-section elementor-element elementor-element-ff393e3 elementor-section-boxed elementor-section-height-default elementor-section-height-default\" data-id=\"ff393e3\" data-element_type=\"section\">\n\t\t\t\t\t\t<div class=\"elementor-container elementor-column-gap-default\">\n\t\t\t\t\t\t\t<div class=\"elementor-row\">\n\t\t\t\t\t<div class=\"elementor-column elementor-col-50 elementor-inner-column elementor-element elementor-element-25948da\" data-id=\"25948da\" data-element_type=\"column\">\n\t\t\t<div class=\"elementor-column-wrap elementor-element-populated\">\n\t\t\t\t\t\t\t<div class=\"elementor-widget-wrap\">\n\t\t\t\t\t\t<div class=\"elementor-element elementor-element-359005d elementor-widget elementor-widget-text-editor\" data-id=\"359005d\" data-element_type=\"widget\" data-widget_type=\"text-editor.default\">\n\t\t\t\t<div class=\"elementor-widget-container\">\n\t\t\t\t\t\t\t\t<div class=\"elementor-text-editor elementor-clearfix\">\n\t\t\t\t<p>La Comisi\u00f3n Especial est\u00e1 integrada por siete miembros: dos nombrados por el Rector y cinco designados por el propio Consejo de entre los profesores o investigadores titulares que cumplan al menos con alguna de las siguientes caracter\u00edsticas:<br \/>a. Ser Profesor o Investigador Em\u00e9rito,<\/p><p>b. Tener el nivel D en el PRIDE.<\/p><p>c. Haber recibido el Premio Universidad Nacional, o<\/p><p>d. Poseer una distinci\u00f3n equivalente a las anteriormente citadas, a juicio del propio Consejo.<\/p>\t\t\t\t\t<\/div>\n\t\t\t\t\t\t<\/div>\n\t\t\t\t<\/div>\n\t\t\t\t\t\t<\/div>\n\t\t\t\t\t<\/div>\n\t\t<\/div>\n\t\t\t\t<div class=\"elementor-column elementor-col-50 elementor-inner-column elementor-element elementor-element-d3068f8\" data-id=\"d3068f8\" data-element_type=\"column\">\n\t\t\t<div class=\"elementor-column-wrap elementor-element-populated\">\n\t\t\t\t\t\t\t<div class=\"elementor-widget-wrap\">\n\t\t\t\t\t\t<div class=\"elementor-element elementor-element-072975c elementor-widget elementor-widget-text-editor\" data-id=\"072975c\" data-element_type=\"widget\" data-widget_type=\"text-editor.default\">\n\t\t\t\t<div class=\"elementor-widget-container\">\n\t\t\t\t\t\t\t\t<div class=\"elementor-text-editor elementor-clearfix\">\n\t\t\t\t<strong>Actualmente, est\u00e1 integrada por las y los siguientes acad\u00e9micos:<\/strong>\n<ul>\n \t<li style=\"list-style-type: none;\">\n<ul>\n \t<li>Dra. Rubicelia Vargas Fosada<\/li>\n \t<li>Dr. Alberto Marcial Vela Amieva<\/li>\n \t<li>Dra. Pamela Fran Nelson Edelstein<\/li>\n \t<li>M. en C. Emma Lam Osnaya<\/li>\n \t<li>Dr. Federico M\u00e9ndez Lavielle<\/li>\n \t<li>Dra. Xochitl Guillermina Blanco Cano<\/li>\n \t<li>Dra. Elizabeth Solleiro Rebolledo<\/li>\n<\/ul>\n<\/li>\n<\/ul>\t\t\t\t\t<\/div>\n\t\t\t\t\t\t<\/div>\n\t\t\t\t<\/div>\n\t\t\t\t\t\t<\/div>\n\t\t\t\t\t<\/div>\n\t\t<\/div>\n\t\t\t\t\t\t\t\t<\/div>\n\t\t\t\t\t<\/div>\n\t\t<\/section>\n\t\t\t\t\t\t<\/div>\n\t\t\t\t\t<\/div>\n\t\t<\/div>\n\t\t\t\t\t\t\t\t<\/div>\n\t\t\t\t\t<\/div>\n\t\t<\/section>\n\t\t\t\t<section class=\"elementor-section elementor-top-section elementor-element elementor-element-a87a2a8 elementor-section-stretched elementor-section-content-middle elementor-section-boxed elementor-section-height-default elementor-section-height-default\" data-id=\"a87a2a8\" data-element_type=\"section\" data-settings=\"{&quot;stretch_section&quot;:&quot;section-stretched&quot;}\">\n\t\t\t\t\t\t<div class=\"elementor-container elementor-column-gap-default\">\n\t\t\t\t\t\t\t<div class=\"elementor-row\">\n\t\t\t\t\t<div class=\"elementor-column elementor-col-50 elementor-top-column elementor-element elementor-element-f9fd436\" data-id=\"f9fd436\" data-element_type=\"column\">\n\t\t\t<div class=\"elementor-column-wrap elementor-element-populated\">\n\t\t\t\t\t\t\t<div class=\"elementor-widget-wrap\">\n\t\t\t\t\t\t<div class=\"elementor-element elementor-element-cb6f3b3 elementor-invisible elementor-widget elementor-widget-image\" data-id=\"cb6f3b3\" data-element_type=\"widget\" data-settings=\"{&quot;_animation&quot;:&quot;fadeInDown&quot;}\" data-widget_type=\"image.default\">\n\t\t\t\t<div class=\"elementor-widget-container\">\n\t\t\t\t\t\t\t\t<div class=\"elementor-image\">\n\t\t\t\t\t\t\t\t\t\t\t\t<img width=\"812\" height=\"812\" src=\"\/wp-content\/uploads\/2021\/01\/ICAT-2.jpg\" class=\"elementor-animation-shrink attachment-large size-large\" alt=\"\" loading=\"lazy\" srcset=\"\/wp-content\/uploads\/2021\/01\/ICAT-2.jpg 945w, \/wp-content\/uploads\/2021\/01\/ICAT-2-300x300.jpg 300w, \/wp-content\/uploads\/2021\/01\/ICAT-2-150x150.jpg 150w, \/wp-content\/uploads\/2021\/01\/ICAT-2-768x768.jpg 768w\" sizes=\"(max-width: 812px) 100vw, 812px\" \/>\t\t\t\t\t\t\t\t\t\t\t\t\t\t<\/div>\n\t\t\t\t\t\t<\/div>\n\t\t\t\t<\/div>\n\t\t\t\t\t\t<\/div>\n\t\t\t\t\t<\/div>\n\t\t<\/div>\n\t\t\t\t<div class=\"elementor-column elementor-col-50 elementor-top-column elementor-element elementor-element-729cd88 elementor-invisible\" data-id=\"729cd88\" data-element_type=\"column\" data-settings=\"{&quot;animation&quot;:&quot;fadeInRight&quot;}\">\n\t\t\t<div class=\"elementor-column-wrap elementor-element-populated\">\n\t\t\t\t\t\t\t<div class=\"elementor-widget-wrap\">\n\t\t\t\t\t\t<div class=\"elementor-element elementor-element-fe15192 elementor-widget elementor-widget-heading\" data-id=\"fe15192\" data-element_type=\"widget\" data-widget_type=\"heading.default\">\n\t\t\t\t<div class=\"elementor-widget-container\">\n\t\t\t<h1 class=\"elementor-heading-title elementor-size-default\">COMISI\u00d3N ESPECIAL DE VIGILANCIA DE LA ELECCI\u00d3N DE CONSEJEROS ACAD\u00c9MICOS DE \u00c1REA:<\/h1>\t\t<\/div>\n\t\t\t\t<\/div>\n\t\t\t\t<div class=\"elementor-element elementor-element-9b8e254 elementor-widget elementor-widget-text-editor\" data-id=\"9b8e254\" data-element_type=\"widget\" data-widget_type=\"text-editor.default\">\n\t\t\t\t<div class=\"elementor-widget-container\">\n\t\t\t\t\t\t\t\t<div class=\"elementor-text-editor elementor-clearfix\">\n\t\t\t\t<p>Esta comisi\u00f3n est\u00e1 a cargo de vigilar que se lleven a buen t\u00e9rmino las elecciones de los consejeros acad\u00e9micos que integran el CAACFMI y que representan al personal acad\u00e9mico y a los alumnos de facultades, escuelas, institutos, centros y programas de posgrado del \u00c1rea.<\/p><p>En t\u00e9rminos generales, tiene las siguientes funciones:<\/p><p>a) supervisar el desarrollo de todo el proceso electoral;<\/p><p>b) calificar la elecci\u00f3n, y<\/p><p>c) hacer la declaratoria de las f\u00f3rmulas ganadoras.<\/p>\t\t\t\t\t<\/div>\n\t\t\t\t\t\t<\/div>\n\t\t\t\t<\/div>\n\t\t\t\t<div class=\"elementor-element elementor-element-0331dba elementor-absolute elementor-widget elementor-widget-image\" data-id=\"0331dba\" data-element_type=\"widget\" data-settings=\"{&quot;motion_fx_translateY_effect&quot;:&quot;yes&quot;,&quot;motion_fx_translateY_speed&quot;:{&quot;unit&quot;:&quot;px&quot;,&quot;size&quot;:2,&quot;sizes&quot;:[]},&quot;_position&quot;:&quot;absolute&quot;,&quot;motion_fx_motion_fx_scrolling&quot;:&quot;yes&quot;,&quot;motion_fx_devices&quot;:[&quot;desktop&quot;],&quot;motion_fx_translateY_affectedRange&quot;:{&quot;unit&quot;:&quot;%&quot;,&quot;size&quot;:&quot;&quot;,&quot;sizes&quot;:{&quot;start&quot;:0,&quot;end&quot;:100}}}\" data-widget_type=\"image.default\">\n\t\t\t\t<div class=\"elementor-widget-container\">\n\t\t\t\t\t\t\t\t<div class=\"elementor-image\">\n\t\t\t\t\t\t\t\t\t\t\t\t<img width=\"812\" height=\"481\" src=\"\/wp-content\/uploads\/2020\/10\/honeycomb-34984-1024x606.png\" class=\"attachment-large size-large\" alt=\"\" loading=\"lazy\" srcset=\"\/wp-content\/uploads\/2020\/10\/honeycomb-34984-1024x606.png 1024w, \/wp-content\/uploads\/2020\/10\/honeycomb-34984-300x178.png 300w, \/wp-content\/uploads\/2020\/10\/honeycomb-34984-768x455.png 768w, \/wp-content\/uploads\/2020\/10\/honeycomb-34984-1536x910.png 1536w, \/wp-content\/uploads\/2020\/10\/honeycomb-34984-600x355.png 600w, \/wp-content\/uploads\/2020\/10\/honeycomb-34984.png 1920w\" sizes=\"(max-width: 812px) 100vw, 812px\" \/>\t\t\t\t\t\t\t\t\t\t\t\t\t\t<\/div>\n\t\t\t\t\t\t<\/div>\n\t\t\t\t<\/div>\n\t\t\t\t\t\t<\/div>\n\t\t\t\t\t<\/div>\n\t\t<\/div>\n\t\t\t\t\t\t\t\t<\/div>\n\t\t\t\t\t<\/div>\n\t\t<\/section>\n\t\t\t\t<section class=\"elementor-section elementor-top-section elementor-element elementor-element-0e27989 elementor-section-boxed elementor-section-height-default elementor-section-height-default elementor-invisible\" data-id=\"0e27989\" data-element_type=\"section\" data-settings=\"{&quot;animation&quot;:&quot;fadeInUp&quot;}\">\n\t\t\t\t\t\t<div class=\"elementor-container elementor-column-gap-default\">\n\t\t\t\t\t\t\t<div class=\"elementor-row\">\n\t\t\t\t\t<div class=\"elementor-column elementor-col-100 elementor-top-column elementor-element elementor-element-fe3e571\" data-id=\"fe3e571\" data-element_type=\"column\">\n\t\t\t<div class=\"elementor-column-wrap elementor-element-populated\">\n\t\t\t\t\t\t\t<div class=\"elementor-widget-wrap\">\n\t\t\t\t\t\t<section class=\"elementor-section elementor-inner-section elementor-element elementor-element-101f4fc elementor-section-boxed elementor-section-height-default elementor-section-height-default\" data-id=\"101f4fc\" data-element_type=\"section\">\n\t\t\t\t\t\t<div class=\"elementor-container elementor-column-gap-default\">\n\t\t\t\t\t\t\t<div class=\"elementor-row\">\n\t\t\t\t\t<div class=\"elementor-column elementor-col-50 elementor-inner-column elementor-element elementor-element-577bc17\" data-id=\"577bc17\" data-element_type=\"column\">\n\t\t\t<div class=\"elementor-column-wrap elementor-element-populated\">\n\t\t\t\t\t\t\t<div class=\"elementor-widget-wrap\">\n\t\t\t\t\t\t<div class=\"elementor-element elementor-element-182286b elementor-widget elementor-widget-text-editor\" data-id=\"182286b\" data-element_type=\"widget\" data-widget_type=\"text-editor.default\">\n\t\t\t\t<div class=\"elementor-widget-container\">\n\t\t\t\t\t\t\t\t<div class=\"elementor-text-editor elementor-clearfix\">\n\t\t\t\t<p>Esta Comisi\u00f3n Especial est\u00e1 integrada por ocho miembros del propio CAACFMI: tres consejeros alumnos, tres consejeros profesores o investigadores, un representante de los T\u00e9cnicos Acad\u00e9micos y un consejero director, quien la preside; adem\u00e1s del Secretario del Consejo. Actualmente, est\u00e1 integrada por las siguientes personas:<\/p>\n<p style=\"text-align: start;\"><span style=\"font-size: 15px;\"><b>Dra. Mercedes Rodr\u00edguez Villafuerte<\/b><\/span><br><span style=\"font-size: 15px;\">Directora del Instituto de F\u00edsica&nbsp;(Directora)<\/span><\/p>\n<p style=\"text-align: start;\"><b>Dr. Guillermo Montero Mart\u00ednez<\/b><br><span style=\"font-size: 14.4px;\">Instituto de Ciencias de la Atm\u00f3sfera y Cambio Clim\u00e1tico (Investigador Suplente)<\/span><\/p>\n<p style=\"text-align: start;\"><b>Dr. Francisco Manuel S\u00e1nchez Ar\u00e9valo<\/b><br>Instituto de Investigaciones en Materiales<span style=\"font-size: 14.4px;\">&nbsp;<\/span><span style=\"text-align: justify;\">(Investigador Suplente)<\/span><\/p>\t\t\t\t\t<\/div>\n\t\t\t\t\t\t<\/div>\n\t\t\t\t<\/div>\n\t\t\t\t\t\t<\/div>\n\t\t\t\t\t<\/div>\n\t\t<\/div>\n\t\t\t\t<div class=\"elementor-column elementor-col-50 elementor-inner-column elementor-element elementor-element-4d08ac0\" data-id=\"4d08ac0\" data-element_type=\"column\">\n\t\t\t<div class=\"elementor-column-wrap elementor-element-populated\">\n\t\t\t\t\t\t\t<div class=\"elementor-widget-wrap\">\n\t\t\t\t\t\t<div class=\"elementor-element elementor-element-e226fd6 elementor-widget elementor-widget-text-editor\" data-id=\"e226fd6\" data-element_type=\"widget\" data-widget_type=\"text-editor.default\">\n\t\t\t\t<div class=\"elementor-widget-container\">\n\t\t\t\t\t\t\t\t<div class=\"elementor-text-editor elementor-clearfix\">\n\t\t\t\t<span style=\"font-weight: bold; font-size: 14.4px;\">Dr. Ernesto Ortiz Fragoso<\/span><br style=\"font-size: 14.4px;\" \/><span style=\"font-size: 14.4px;\">ENCiT<\/span><span style=\"font-size: 14.4px;\">\u00a0<\/span><span style=\"font-size: 14.4px; text-align: justify;\">(Profesor Propietario)<\/span>\n\n<strong>Arq. Jorge Arturo S\u00e1nchez Carenzo<\/strong>\nFA (Profesor Propietario)\n\n<strong> Diana Palafox Mart\u00ednez<\/strong>\nFacultad de Ciencias (Alumna Propietaria)\n\n<strong>David D\u00edaz S\u00e1nchez<\/strong>\nFES Acatl\u00e1n (Alumno Suplente)\n\n<strong>M. en I. Mar\u00eda Rafaela Guti\u00e9rrez Lara<\/strong>\nRepresentante Suplente de los T\u00e9cnicos Acad\u00e9micos (Facultades-Escuelas)\t\t\t\t\t<\/div>\n\t\t\t\t\t\t<\/div>\n\t\t\t\t<\/div>\n\t\t\t\t\t\t<\/div>\n\t\t\t\t\t<\/div>\n\t\t<\/div>\n\t\t\t\t\t\t\t\t<\/div>\n\t\t\t\t\t<\/div>\n\t\t<\/section>\n\t\t\t\t\t\t<\/div>\n\t\t\t\t\t<\/div>\n\t\t<\/div>\n\t\t\t\t\t\t\t\t<\/div>\n\t\t\t\t\t<\/div>\n\t\t<\/section>\n\t\t\t\t\t\t<\/div>\n\t\t\t\t\t\t<\/div>\n\t\t\t\t\t<\/div>\n\t\t","protected":false},"excerpt":{"rendered":"<p>COMISIONES ESPECIALES DEL CAACFMI Las comisiones especiales son las que el propio Consejo designa para estudiar y dictaminar otros asuntos de su competencia, y tienen la duraci\u00f3n y las funciones que el Pleno determina. Algunas de \u00e9stas pueden incluir expertos designados por el propio Consejo, quienes tienen car\u00e1cter de asesores invitados. Son comisiones especiales del [&hellip;]<\/p>\n","protected":false},"author":1,"featured_media":0,"parent":0,"menu_order":0,"comment_status":"closed","ping_status":"closed","template":"elementor_header_footer","meta":[],"_links":{"self":[{"href":"\/index.php?rest_route=\/wp\/v2\/pages\/1460"}],"collection":[{"href":"\/index.php?rest_route=\/wp\/v2\/pages"}],"about":[{"href":"\/index.php?rest_route=\/wp\/v2\/types\/page"}],"author":[{"embeddable":true,"href":"\/index.php?rest_route=\/wp\/v2\/users\/1"}],"replies":[{"embeddable":true,"href":"\/index.php?rest_route=%2Fwp%2Fv2%2Fcomments&post=1460"}],"version-history":[{"count":172,"href":"\/index.php?rest_route=\/wp\/v2\/pages\/1460\/revisions"}],"predecessor-version":[{"id":7787,"href":"\/index.php?rest_route=\/wp\/v2\/pages\/1460\/revisions\/7787"}],"wp:attachment":[{"href":"\/index.php?rest_route=%2Fwp%2Fv2%2Fmedia&parent=1460"}],"curies":[{"name":"wp","href":"https:\/\/api.w.org\/{rel}","templated":true}]}}